{"id":2365,"date":"2014-03-03T19:49:27","date_gmt":"2014-03-03T17:49:27","guid":{"rendered":"http:\/\/www.droigk-formenbau.de\/leistungen-2\/"},"modified":"2023-03-10T17:59:19","modified_gmt":"2023-03-10T15:59:19","slug":"produkte","status":"publish","type":"page","link":"https:\/\/www.droigk-formenbau.de\/en\/produkte\/","title":{"rendered":"Produkte"},"content":{"rendered":"<p>[et_pb_section fb_built=&#8221;1&#8243; fullwidth=&#8221;on&#8221; admin_label=&#8221;section&#8221; _builder_version=&#8221;4.16&#8243; global_colors_info=&#8221;{}&#8221;][et_pb_fullwidth_slider show_arrows=&#8221;off&#8221; show_pagination=&#8221;off&#8221; admin_label=&#8221;Fullwidth Slider&#8221; _builder_version=&#8221;4.16&#8243; custom_padding=&#8221;|||&#8221; custom_padding_tablet=&#8221;|||&#8221; custom_padding_phone=&#8221;|||&#8221; box_shadow_style=&#8221;preset6&#8243; box_shadow_blur=&#8221;10px&#8221; box_shadow_color=&#8221;rgba(0,0,0,0.1)&#8221; remove_inner_shadow=&#8221;off&#8221; hide_content_on_mobile=&#8221;off&#8221; hide_cta_on_mobile=&#8221;off&#8221; show_inner_shadow=&#8221;on&#8221; button_letter_spacing_hover=&#8221;0&#8243; global_colors_info=&#8221;{}&#8221; button_text_size__hover_enabled=&#8221;off&#8221; button_one_text_size__hover_enabled=&#8221;off&#8221; button_two_text_size__hover_enabled=&#8221;off&#8221; button_text_color__hover_enabled=&#8221;off&#8221; button_one_text_color__hover_enabled=&#8221;off&#8221; button_two_text_color__hover_enabled=&#8221;off&#8221; button_border_width__hover_enabled=&#8221;off&#8221; button_one_border_width__hover_enabled=&#8221;off&#8221; button_two_border_width__hover_enabled=&#8221;off&#8221; button_border_color__hover_enabled=&#8221;off&#8221; button_one_border_color__hover_enabled=&#8221;off&#8221; button_two_border_color__hover_enabled=&#8221;off&#8221; button_border_radius__hover_enabled=&#8221;off&#8221; button_one_border_radius__hover_enabled=&#8221;off&#8221; button_two_border_radius__hover_enabled=&#8221;off&#8221; button_letter_spacing__hover_enabled=&#8221;on&#8221; button_letter_spacing__hover=&#8221;0&#8243; button_one_letter_spacing__hover_enabled=&#8221;off&#8221; button_two_letter_spacing__hover_enabled=&#8221;off&#8221; button_bg_color__hover_enabled=&#8221;off&#8221; button_one_bg_color__hover_enabled=&#8221;off&#8221; button_two_bg_color__hover_enabled=&#8221;off&#8221;][et_pb_slide heading=&#8221;UNSER<br \/>\nPORTFOLIO&#8221; _builder_version=&#8221;4.16&#8243; background_color=&#8221;#ffffff&#8221; background_image=&#8221;http:\/\/www.droigk-formenbau.de\/wp-content\/uploads\/2015\/04\/Foto_17.jpg&#8221; button_icon_placement=&#8221;right&#8221; button_on_hover=&#8221;on&#8221; global_colors_info=&#8221;{}&#8221; button_text_size__hover_enabled=&#8221;off&#8221; button_one_text_size__hover_enabled=&#8221;off&#8221; button_two_text_size__hover_enabled=&#8221;off&#8221; button_text_color__hover_enabled=&#8221;off&#8221; button_one_text_color__hover_enabled=&#8221;off&#8221; button_two_text_color__hover_enabled=&#8221;off&#8221; button_border_width__hover_enabled=&#8221;off&#8221; button_one_border_width__hover_enabled=&#8221;off&#8221; button_two_border_width__hover_enabled=&#8221;off&#8221; button_border_color__hover_enabled=&#8221;off&#8221; button_one_border_color__hover_enabled=&#8221;off&#8221; button_two_border_color__hover_enabled=&#8221;off&#8221; button_border_radius__hover_enabled=&#8221;off&#8221; button_one_border_radius__hover_enabled=&#8221;off&#8221; button_two_border_radius__hover_enabled=&#8221;off&#8221; button_letter_spacing__hover_enabled=&#8221;off&#8221; button_one_letter_spacing__hover_enabled=&#8221;off&#8221; button_two_letter_spacing__hover_enabled=&#8221;off&#8221; button_bg_color__hover_enabled=&#8221;off&#8221; button_one_bg_color__hover_enabled=&#8221;off&#8221; button_two_bg_color__hover_enabled=&#8221;off&#8221; sticky_transition=&#8221;on&#8221;] [\/et_pb_slide][\/et_pb_fullwidth_slider][\/et_pb_section][et_pb_section fb_built=&#8221;1&#8243; admin_label=&#8221;section&#8221; _builder_version=&#8221;4.16&#8243; global_colors_info=&#8221;{}&#8221;][et_pb_row column_structure=&#8221;1_3,2_3&#8243; admin_label=&#8221;row&#8221; _builder_version=&#8221;4.16&#8243; background_size=&#8221;initial&#8221; background_position=&#8221;top_left&#8221; background_repeat=&#8221;repeat&#8221; global_colors_info=&#8221;{}&#8221;][et_pb_column type=&#8221;1_3&#8243; _builder_version=&#8221;4.16&#8243; custom_padding=&#8221;|||&#8221; global_colors_info=&#8221;{}&#8221; custom_padding__hover=&#8221;|||&#8221;][\/et_pb_column][et_pb_column type=&#8221;2_3&#8243; _builder_version=&#8221;4.16&#8243; custom_padding=&#8221;|||&#8221; global_colors_info=&#8221;{}&#8221; custom_padding__hover=&#8221;|||&#8221;][\/et_pb_column][\/et_pb_row][et_pb_row _builder_version=&#8221;4.19.0&#8243; _module_preset=&#8221;default&#8221; column_structure=&#8221;1_3,1_3,1_3&#8243;][et_pb_column _builder_version=&#8221;4.19.0&#8243; _module_preset=&#8221;default&#8221; type=&#8221;1_3&#8243;][et_pb_image src=&#8221;http:\/\/www.droigk-formenbau.de\/wp-content\/uploads\/2014\/03\/6489-b-klein.jpg&#8221; alt=&#8221;Muendung &#8211; Droigk Formenbau &#8211; Fotograf Martin Misere&#8221; title_text=&#8221;Muendung &#8211; Droigk Formenbau &#8211; Fotograf Martin Misere&#8221; align_tablet=&#8221;center&#8221; align_phone=&#8221;center&#8221; align_last_edited=&#8221;on|desktop&#8221; admin_label=&#8221;Image&#8221; _builder_version=&#8221;4.16&#8243; animation=&#8221;off&#8221; sticky=&#8221;off&#8221; use_border_color=&#8221;off&#8221; border_color=&#8221;#ffffff&#8221; border_style=&#8221;solid&#8221; always_center_on_mobile=&#8221;on&#8221; global_colors_info=&#8221;{}&#8221;] [\/et_pb_image][\/et_pb_column][et_pb_column _builder_version=&#8221;4.19.0&#8243; _module_preset=&#8221;default&#8221; type=&#8221;1_3&#8243;][et_pb_text admin_label=&#8221;Text&#8221; _builder_version=&#8221;4.16&#8243; background_size=&#8221;initial&#8221; background_position=&#8221;top_left&#8221; background_repeat=&#8221;repeat&#8221; use_border_color=&#8221;off&#8221; border_color=&#8221;#ffffff&#8221; border_style=&#8221;solid&#8221; global_colors_info=&#8221;{}&#8221;]<\/p>\n<h1 style=\"font-size: 32px;\">UNSERE M\u00dcNDUNGEN \u2013 PURE PR\u00c4ZISION<\/h1>\n<p>In Voll- und Teil-Panzerung, z. B. f\u00fcr L\u00e4ngskanten, bieten wir Ihnen unsere hitzebest\u00e4ndigen und verschlei\u00dffesten M\u00fcndungen in<\/p>\n<ul>\n<li>Bronze<\/li>\n<li>Grauguss<\/li>\n<\/ul>\n<p>Bronze-M\u00fcndungen haben eine w\u00e4rmestabile Legierung mit hoher Formstabilit\u00e4t und optimaler W\u00e4rmeleitf\u00e4higkeit.<br \/>\n[\/et_pb_text][\/et_pb_column][et_pb_column _builder_version=&#8221;4.19.0&#8243; _module_preset=&#8221;default&#8221; type=&#8221;1_3&#8243;][et_pb_video_slider _builder_version=&#8221;4.19.0&#8243; _module_preset=&#8221;default&#8221; hover_enabled=&#8221;0&#8243; sticky_enabled=&#8221;0&#8243;][et_pb_video_slider_item _builder_version=&#8221;4.19.0&#8243; _module_preset=&#8221;default&#8221; show_image_overlay=&#8221;off&#8221; title_text=&#8221;Vertical promo&#8221; src=&#8221;https:\/\/www.droigk-formenbau.de\/wp-content\/uploads\/2023\/02\/Vertical-promo.mp4&#8243; hover_enabled=&#8221;0&#8243; sticky_enabled=&#8221;0&#8243;][\/et_pb_video_slider_item][\/et_pb_video_slider][\/et_pb_column][\/et_pb_row][et_pb_row admin_label=&#8221;row&#8221; _builder_version=&#8221;4.16&#8243; background_size=&#8221;initial&#8221; background_position=&#8221;top_left&#8221; background_repeat=&#8221;repeat&#8221; global_colors_info=&#8221;{}&#8221;][et_pb_column type=&#8221;4_4&#8243; _builder_version=&#8221;4.16&#8243; custom_padding=&#8221;|||&#8221; global_colors_info=&#8221;{}&#8221; custom_padding__hover=&#8221;|||&#8221;][et_pb_divider color=&#8221;#c9c9c9&#8243; disabled_on=&#8221;on|on|off&#8221; admin_label=&#8221;Divider&#8221; _builder_version=&#8221;4.16&#8243; global_colors_info=&#8221;{}&#8221;] [\/et_pb_divider][\/et_pb_column][\/et_pb_row][et_pb_row column_structure=&#8221;2_3,1_3&#8243; admin_label=&#8221;row&#8221; _builder_version=&#8221;4.16&#8243; background_size=&#8221;initial&#8221; background_position=&#8221;top_left&#8221; background_repeat=&#8221;repeat&#8221; global_colors_info=&#8221;{}&#8221;][et_pb_column type=&#8221;2_3&#8243; _builder_version=&#8221;4.16&#8243; custom_padding=&#8221;|||&#8221; global_colors_info=&#8221;{}&#8221; custom_padding__hover=&#8221;|||&#8221;][et_pb_text admin_label=&#8221;Text&#8221; _builder_version=&#8221;4.16&#8243; text_line_height=&#8221;2em&#8221; background_size=&#8221;initial&#8221; background_position=&#8221;top_left&#8221; background_repeat=&#8221;repeat&#8221; use_border_color=&#8221;off&#8221; border_color=&#8221;#ffffff&#8221; border_style=&#8221;solid&#8221; global_colors_info=&#8221;{}&#8221;]<\/p>\n<h1>UNSERE F\u00dcHRUNGSRINGE \u2013 RUNDUM PERFEKT<\/h1>\n<p>Gefertigt mit einer Voll-Panzerung sind sie hitzebest\u00e4ndig und verschlei\u00dffest. Wir bieten Ihnen F\u00fchrungsringe aus<\/p>\n<ul>\n<li>Grauguss<\/li>\n<li>Nickel<\/li>\n<li>Bronze<\/li>\n<li>Stahl<\/li>\n<\/ul>\n<p>F\u00fchrungsringe aus Grauguss haben eine dichte und verschlei\u00dffeste Legierung. Sie sorgt f\u00fcr eine perfekte Bindung bei der Nickel-Auftragsschwei\u00dfung und gew\u00e4hrleistet eine hohe Lebensdauer.<br \/>\n[\/et_pb_text][\/et_pb_column][et_pb_column type=&#8221;1_3&#8243; _builder_version=&#8221;4.16&#8243; custom_padding=&#8221;|||&#8221; global_colors_info=&#8221;{}&#8221; custom_padding__hover=&#8221;|||&#8221;][et_pb_image src=&#8221;http:\/\/www.droigk-formenbau.de\/wp-content\/uploads\/2014\/03\/6481-b-klein.jpg&#8221; alt=&#8221;Fuehrungsring &#8211; Droigk Formenbau &#8211; Fotograf Martin Misere&#8221; title_text=&#8221;Fuehrungsring &#8211; Droigk Formenbau &#8211; Fotograf Martin Misere&#8221; align_tablet=&#8221;center&#8221; align_phone=&#8221;center&#8221; align_last_edited=&#8221;on|desktop&#8221; admin_label=&#8221;Image&#8221; _builder_version=&#8221;4.16&#8243; animation=&#8221;off&#8221; sticky=&#8221;off&#8221; use_border_color=&#8221;off&#8221; border_color=&#8221;#ffffff&#8221; border_style=&#8221;solid&#8221; always_center_on_mobile=&#8221;on&#8221; global_colors_info=&#8221;{}&#8221;] [\/et_pb_image][\/et_pb_column][\/et_pb_row][et_pb_row admin_label=&#8221;row&#8221; _builder_version=&#8221;4.16&#8243; background_size=&#8221;initial&#8221; background_position=&#8221;top_left&#8221; background_repeat=&#8221;repeat&#8221; global_colors_info=&#8221;{}&#8221;][et_pb_column type=&#8221;4_4&#8243; _builder_version=&#8221;4.16&#8243; custom_padding=&#8221;|||&#8221; global_colors_info=&#8221;{}&#8221; custom_padding__hover=&#8221;|||&#8221;][et_pb_divider color=&#8221;#c4c4c4&#8243; disabled_on=&#8221;on|on|off&#8221; admin_label=&#8221;Divider&#8221; _builder_version=&#8221;4.16&#8243; global_colors_info=&#8221;{}&#8221;] [\/et_pb_divider][\/et_pb_column][\/et_pb_row][et_pb_row column_structure=&#8221;1_3,2_3&#8243; admin_label=&#8221;row&#8221; _builder_version=&#8221;4.19.0&#8243; background_size=&#8221;initial&#8221; background_position=&#8221;top_left&#8221; background_repeat=&#8221;repeat&#8221; hover_enabled=&#8221;0&#8243; global_colors_info=&#8221;{}&#8221; sticky_enabled=&#8221;0&#8243;][et_pb_column type=&#8221;1_3&#8243; _builder_version=&#8221;4.16&#8243; custom_padding=&#8221;|||&#8221; global_colors_info=&#8221;{}&#8221; custom_padding__hover=&#8221;|||&#8221;][et_pb_image src=&#8221;http:\/\/www.droigk-formenbau.de\/wp-content\/uploads\/2014\/03\/martin-misere-MIS_9292-b-b_klein.jpg&#8221; alt=&#8221;Spezial-M\u00fcndung &#8211; Droigk Formenbau &#8211; Fotograf Martin Misere&#8221; title_text=&#8221;Spezial-M\u00fcndung &#8211; Droigk Formenbau &#8211; Fotograf Martin Misere&#8221; align_tablet=&#8221;center&#8221; align_phone=&#8221;center&#8221; align_last_edited=&#8221;on|desktop&#8221; admin_label=&#8221;Image&#8221; _builder_version=&#8221;4.16&#8243; animation=&#8221;off&#8221; sticky=&#8221;off&#8221; use_border_color=&#8221;off&#8221; border_color=&#8221;#ffffff&#8221; border_style=&#8221;solid&#8221; always_center_on_mobile=&#8221;on&#8221; global_colors_info=&#8221;{}&#8221;] [\/et_pb_image][\/et_pb_column][et_pb_column type=&#8221;2_3&#8243; _builder_version=&#8221;4.16&#8243; custom_padding=&#8221;|||&#8221; global_colors_info=&#8221;{}&#8221; custom_padding__hover=&#8221;|||&#8221;][et_pb_text admin_label=&#8221;Text&#8221; _builder_version=&#8221;4.16&#8243; text_line_height=&#8221;2em&#8221; background_size=&#8221;initial&#8221; background_position=&#8221;top_left&#8221; background_repeat=&#8221;repeat&#8221; use_border_color=&#8221;off&#8221; border_color=&#8221;#ffffff&#8221; border_style=&#8221;solid&#8221; global_colors_info=&#8221;{}&#8221;]<\/p>\n<h1>UNSERE SPEZIAL-M\u00dcNDUNGEN<\/h1>\n<p>Als Glasformenbauer mit Spezialisierung auf M\u00fcndungen bieten wir Ihnen zahlreiche Spezial-M\u00fcndungen\u00a0an:<\/p>\n<ul>\n<li>Stift-M\u00fcndungen<\/li>\n<li>Nocken-M\u00fcndungen<\/li>\n<li>Unrund-M\u00fcndungen<\/li>\n<li>High-Speed-M\u00fcndungen\u00a0(Antiverbrennung)<\/li>\n<li>M\u00fcndungen mit Gravuren in der Kontur<\/li>\n<li>Spezialdesign-M\u00fcndungen<\/li>\n<\/ul>\n<p>Welche\u00a0Spezial-M\u00fcndungen\u00a0d\u00fcrfen wir f\u00fcr Sie herstellen? Sprechen Sie uns gerne an!<br \/>\n[\/et_pb_text][\/et_pb_column][\/et_pb_row][et_pb_row admin_label=&#8221;row&#8221; _builder_version=&#8221;4.16&#8243; background_size=&#8221;initial&#8221; background_position=&#8221;top_left&#8221; background_repeat=&#8221;repeat&#8221; global_colors_info=&#8221;{}&#8221;][et_pb_column type=&#8221;4_4&#8243; _builder_version=&#8221;4.16&#8243; custom_padding=&#8221;|||&#8221; global_colors_info=&#8221;{}&#8221; custom_padding__hover=&#8221;|||&#8221;][et_pb_divider color=&#8221;#c4c4c4&#8243; disabled_on=&#8221;on|on|off&#8221; admin_label=&#8221;Teiler&#8221; _builder_version=&#8221;4.16&#8243; global_colors_info=&#8221;{}&#8221;] [\/et_pb_divider][\/et_pb_column][\/et_pb_row][et_pb_row column_structure=&#8221;2_3,1_3&#8243; admin_label=&#8221;row&#8221; _builder_version=&#8221;4.16&#8243; background_size=&#8221;initial&#8221; background_position=&#8221;top_left&#8221; background_repeat=&#8221;repeat&#8221; global_colors_info=&#8221;{}&#8221;][et_pb_column type=&#8221;2_3&#8243; _builder_version=&#8221;4.16&#8243; custom_padding=&#8221;|||&#8221; global_colors_info=&#8221;{}&#8221; custom_padding__hover=&#8221;|||&#8221;][et_pb_text admin_label=&#8221;Text&#8221; _builder_version=&#8221;4.16&#8243; text_line_height=&#8221;2em&#8221; background_size=&#8221;initial&#8221; background_position=&#8221;top_left&#8221; background_repeat=&#8221;repeat&#8221; use_border_color=&#8221;off&#8221; border_color=&#8221;#ffffff&#8221; border_style=&#8221;solid&#8221; global_colors_info=&#8221;{}&#8221;]<\/p>\n<h1>UNSERE SPEZIAL-PANZERUNGEN<\/h1>\n<p>Auf Kundenwunsch bieten wir gerne folgende Spezial-Panzerungen an:<\/p>\n<ul>\n<li>Nickel-Vollpanzerung<\/li>\n<li>Nickel-L\u00e4ngskantenpanzerung<\/li>\n<li>Nickel-Kantenpanzerung rundum<\/li>\n<li>Nickel-Antiverbrennungspanzerung (\u201eHigh-Speed-M\u00fcndungen\u201c)<\/li>\n<\/ul>\n<p>Welche Spezial-Panzerung d\u00fcrfen wir Ihnen pr\u00e4sentieren? Sprechen Sie uns gerne an!<br \/>\n[\/et_pb_text][\/et_pb_column][et_pb_column type=&#8221;1_3&#8243; _builder_version=&#8221;4.16&#8243; custom_padding=&#8221;|||&#8221; global_colors_info=&#8221;{}&#8221; custom_padding__hover=&#8221;|||&#8221;][et_pb_image src=&#8221;http:\/\/www.droigk-formenbau.de\/wp-content\/uploads\/2014\/03\/martin-misere-MIS_9300-b.jpg&#8221; alt=&#8221;Spezial-Panzerung &#8211; Droigk Formenbau &#8211; Fotograf Martin Misere&#8221; title_text=&#8221;Spezial-Panzerung &#8211; Droigk Formenbau &#8211; Fotograf Martin Misere&#8221; align_tablet=&#8221;center&#8221; align_phone=&#8221;center&#8221; align_last_edited=&#8221;on|desktop&#8221; admin_label=&#8221;Bild&#8221; _builder_version=&#8221;4.16&#8243; animation=&#8221;off&#8221; sticky=&#8221;off&#8221; use_border_color=&#8221;off&#8221; border_color=&#8221;#ffffff&#8221; border_style=&#8221;solid&#8221; always_center_on_mobile=&#8221;on&#8221; global_colors_info=&#8221;{}&#8221;] [\/et_pb_image][\/et_pb_column][\/et_pb_row][\/et_pb_section][et_pb_section fb_built=&#8221;1&#8243; fullwidth=&#8221;on&#8221; admin_label=&#8221;section&#8221; _builder_version=&#8221;4.16&#8243; background_color=&#8221;#1e73be&#8221; global_colors_info=&#8221;{}&#8221;][et_pb_fullwidth_header title=&#8221;SPITZENQUALIT\u00c4T, DIE F\u00dcR SICH SPRICHT.&#8221; text_orientation=&#8221;center&#8221; content_max_width=&#8221;none&#8221; admin_label=&#8221;Fullwidth Header&#8221; _builder_version=&#8221;4.16&#8243; background_color=&#8221;rgba(255, 255, 255, 0)&#8221; global_colors_info=&#8221;{}&#8221; button_one_text_size__hover_enabled=&#8221;off&#8221; button_two_text_size__hover_enabled=&#8221;off&#8221; button_one_text_color__hover_enabled=&#8221;off&#8221; button_two_text_color__hover_enabled=&#8221;off&#8221; button_one_border_width__hover_enabled=&#8221;off&#8221; button_two_border_width__hover_enabled=&#8221;off&#8221; button_one_border_color__hover_enabled=&#8221;off&#8221; button_two_border_color__hover_enabled=&#8221;off&#8221; button_one_border_radius__hover_enabled=&#8221;off&#8221; button_two_border_radius__hover_enabled=&#8221;off&#8221; button_one_letter_spacing__hover_enabled=&#8221;off&#8221; button_two_letter_spacing__hover_enabled=&#8221;off&#8221; button_one_bg_color__hover_enabled=&#8221;off&#8221; button_two_bg_color__hover_enabled=&#8221;off&#8221;] [\/et_pb_fullwidth_header][\/et_pb_section]<\/p>\n","protected":false},"excerpt":{"rendered":"<p>UNSERE M\u00dcNDUNGEN \u2013 PURE PR\u00c4ZISION In Voll- und Teil-Panzerung, z. B. f\u00fcr L\u00e4ngskanten, bieten wir Ihnen unsere hitzebest\u00e4ndigen und verschlei\u00dffesten M\u00fcndungen in Bronze Grauguss Bronze-M\u00fcndungen haben eine w\u00e4rmestabile Legierung mit hoher Formstabilit\u00e4t und optimaler W\u00e4rmeleitf\u00e4higkeit. UNSERE F\u00dcHRUNGSRINGE \u2013 RUNDUM PERFEKT Gefertigt mit einer Voll-Panzerung sind sie hitzebest\u00e4ndig und verschlei\u00dffest. Wir bieten Ihnen F\u00fchrungsringe aus Grauguss [&hellip;]<\/p>\n","protected":false},"author":3,"featured_media":0,"parent":0,"menu_order":0,"comment_status":"open","ping_status":"open","template":"","meta":{"_et_pb_use_builder":"on","_et_pb_old_content":"","_et_gb_content_width":"","footnotes":""},"class_list":["post-2365","page","type-page","status-publish","hentry"],"_links":{"self":[{"href":"https:\/\/www.droigk-formenbau.de\/en\/wp-json\/wp\/v2\/pages\/2365","targetHints":{"allow":["GET"]}}],"collection":[{"href":"https:\/\/www.droigk-formenbau.de\/en\/wp-json\/wp\/v2\/pages"}],"about":[{"href":"https:\/\/www.droigk-formenbau.de\/en\/wp-json\/wp\/v2\/types\/page"}],"author":[{"embeddable":true,"href":"https:\/\/www.droigk-formenbau.de\/en\/wp-json\/wp\/v2\/users\/3"}],"replies":[{"embeddable":true,"href":"https:\/\/www.droigk-formenbau.de\/en\/wp-json\/wp\/v2\/comments?post=2365"}],"version-history":[{"count":21,"href":"https:\/\/www.droigk-formenbau.de\/en\/wp-json\/wp\/v2\/pages\/2365\/revisions"}],"predecessor-version":[{"id":3215,"href":"https:\/\/www.droigk-formenbau.de\/en\/wp-json\/wp\/v2\/pages\/2365\/revisions\/3215"}],"wp:attachment":[{"href":"https:\/\/www.droigk-formenbau.de\/en\/wp-json\/wp\/v2\/media?parent=2365"}],"curies":[{"name":"wp","href":"https:\/\/api.w.org\/{rel}","templated":true}]}}